{"id":1107,"date":"2015-05-19T15:28:12","date_gmt":"2015-05-19T15:28:12","guid":{"rendered":"http:\/\/july.sk\/?page_id=1107"},"modified":"2015-09-06T07:35:21","modified_gmt":"2015-09-06T07:35:21","slug":"vseobecne-obchodne-podmienky","status":"publish","type":"page","link":"https:\/\/july.sk\/en\/vseobecne-obchodne-podmienky\/","title":{"rendered":"Terms &#038; conditions"},"content":{"rendered":"<p><\/p>\n<h2>Guide for participants<\/h2>\n<ol>\n<li>An application for a course is registered once we receive your order form at our email info@july.sk. It is binding after receiving your payment for a selected course, according to an invoice issued by our language school to you. The invoice must be paid at least 3 days prior to the start of the course. The date of payment is the day that money has been received by July Languages bank account.<\/li>\n<li>Study materials &#8211; the course fee may not cover the cost of the course book; it depends which course\/package you have chosen. We recommend buying a course book (usually student&#8217;s book + work book) after the first lesson.<\/li>\n<li>A place on the course is non-transferable to another participant.<\/li>\n<li>There is no provision of reimbursement or a substituted lesson if a student does not inform the school\/teacher about his\/her absence a minimum of 24 hours before the start of the lesson.<\/li>\n<li>Cancellation of a course\/Refunds: Our school reserves the right to cancel a course before the start of the course. In this case 100% of the course fee will be reimbursed to the student\u2019s account. The student has the right for the refund of 95% of the fee upon written request to cancel his\/her participation on the course before the course starts. 80% of the remaining course fee will be returned upon written request, if the student cancels within 7 days from the first lesson which he\/she was registered to. After that time 0% of the course fee will be returned.<\/li>\n<li>The student consents to July Languages school processing his\/her personal data for the purpose of a course organization, namely his\/her name, surname, contact address, mobile phone, email contact.<\/li>\n<li>The student gives the school approval to send them information regarding courses by email or by text message on his\/her mobile phone.<\/li>\n<li>To continue in the following course after completion and fulfilment of the ordered package, it is necessary to place a new order\/registration for a selected course\/package.<\/li>\n<\/ol>\n<p><\/p>","protected":false},"excerpt":{"rendered":"<p>Guide for participants An application for a course is registered once we receive your order form at our email info@july.sk. It is binding after receiving your payment for a selected course, according to an invoice issued by our language school to you. The invoice must be paid at least 3 days prior to the start [&hellip;]<\/p>\n","protected":false},"author":1,"featured_media":0,"parent":0,"menu_order":0,"comment_status":"open","ping_status":"open","template":"","meta":{"footnotes":""},"yoast_head":"<!-- This site is optimized with the Yoast SEO plugin v21.8 - https:\/\/yoast.com\/wordpress\/plugins\/seo\/ -->\n<title>Terms &amp; conditions | july languages<\/title>\n<meta name=\"robots\" content=\"index, follow, max-snippet:-1, max-image-preview:large, max-video-preview:-1\" \/>\n<link rel=\"canonical\" href=\"https:\/\/july.sk\/vseobecne-obchodne-podmienky\/\" \/>\n<meta property=\"og:locale\" content=\"en_US\" \/>\n<meta property=\"og:type\" content=\"article\" \/>\n<meta property=\"og:title\" content=\"[:sk]V\u0161eobecn\u00e9 obchodn\u00e9 podmienky[:en]Terms &amp; conditions[:] | july languages\" \/>\n<meta property=\"og:description\" content=\"Guide for participants An application for a course is registered once we receive your order form at our email info@july.sk. It is binding after receiving your payment for a selected course, according to an invoice issued by our language school to you. The invoice must be paid at least 3 days prior to the start [&hellip;]\" \/>\n<meta property=\"og:url\" content=\"https:\/\/july.sk\/vseobecne-obchodne-podmienky\/\" \/>\n<meta property=\"og:site_name\" content=\"july languages\" \/>\n<meta property=\"article:modified_time\" content=\"2015-09-06T07:35:21+00:00\" \/>\n<meta name=\"twitter:card\" content=\"summary_large_image\" \/>\n<meta name=\"twitter:label1\" content=\"Est. reading time\" \/>\n\t<meta name=\"twitter:data1\" content=\"3 minutes\" \/>\n<script type=\"application\/ld+json\" class=\"yoast-schema-graph\">{\"@context\":\"https:\/\/schema.org\",\"@graph\":[{\"@type\":\"WebPage\",\"@id\":\"https:\/\/july.sk\/vseobecne-obchodne-podmienky\/\",\"url\":\"https:\/\/july.sk\/vseobecne-obchodne-podmienky\/\",\"name\":\"[:sk]V\u0161eobecn\u00e9 obchodn\u00e9 podmienky[:en]Terms & conditions[:] | july languages\",\"isPartOf\":{\"@id\":\"https:\/\/july.sk\/en\/#website\"},\"datePublished\":\"2015-05-19T15:28:12+00:00\",\"dateModified\":\"2015-09-06T07:35:21+00:00\",\"breadcrumb\":{\"@id\":\"https:\/\/july.sk\/vseobecne-obchodne-podmienky\/#breadcrumb\"},\"inLanguage\":\"en-US\",\"potentialAction\":[{\"@type\":\"ReadAction\",\"target\":[\"https:\/\/july.sk\/vseobecne-obchodne-podmienky\/\"]}]},{\"@type\":\"BreadcrumbList\",\"@id\":\"https:\/\/july.sk\/vseobecne-obchodne-podmienky\/#breadcrumb\",\"itemListElement\":[{\"@type\":\"ListItem\",\"position\":1,\"name\":\"Dom\u00e1ca str\u00e1nka\",\"item\":\"https:\/\/july.sk\/en\/\"},{\"@type\":\"ListItem\",\"position\":2,\"name\":\"V\u0161eobecn\u00e9 obchodn\u00e9 podmienky\"}]},{\"@type\":\"WebSite\",\"@id\":\"https:\/\/july.sk\/en\/#website\",\"url\":\"https:\/\/july.sk\/en\/\",\"name\":\"july languages\",\"description\":\"Jazykov\u00e9 kurzy pre firmy\",\"potentialAction\":[{\"@type\":\"SearchAction\",\"target\":{\"@type\":\"EntryPoint\",\"urlTemplate\":\"https:\/\/july.sk\/en\/?s={search_term_string}\"},\"query-input\":\"required name=search_term_string\"}],\"inLanguage\":\"en-US\"}]}<\/script>\n<!-- \/ Yoast SEO plugin. -->","yoast_head_json":{"title":"[:sk]V\u0161eobecn\u00e9 obchodn\u00e9 podmienky[:en]Terms & conditions[:] | july languages","robots":{"index":"index","follow":"follow","max-snippet":"max-snippet:-1","max-image-preview":"max-image-preview:large","max-video-preview":"max-video-preview:-1"},"canonical":"https:\/\/july.sk\/vseobecne-obchodne-podmienky\/","og_locale":"en_US","og_type":"article","og_title":"[:sk]V\u0161eobecn\u00e9 obchodn\u00e9 podmienky[:en]Terms & conditions[:] | july languages","og_description":"Guide for participants An application for a course is registered once we receive your order form at our email info@july.sk. It is binding after receiving your payment for a selected course, according to an invoice issued by our language school to you. The invoice must be paid at least 3 days prior to the start [&hellip;]","og_url":"https:\/\/july.sk\/vseobecne-obchodne-podmienky\/","og_site_name":"july languages","article_modified_time":"2015-09-06T07:35:21+00:00","twitter_card":"summary_large_image","twitter_misc":{"Est. reading time":"3 minutes"},"schema":{"@context":"https:\/\/schema.org","@graph":[{"@type":"WebPage","@id":"https:\/\/july.sk\/vseobecne-obchodne-podmienky\/","url":"https:\/\/july.sk\/vseobecne-obchodne-podmienky\/","name":"[:sk]V\u0161eobecn\u00e9 obchodn\u00e9 podmienky[:en]Terms & conditions[:] | july languages","isPartOf":{"@id":"https:\/\/july.sk\/en\/#website"},"datePublished":"2015-05-19T15:28:12+00:00","dateModified":"2015-09-06T07:35:21+00:00","breadcrumb":{"@id":"https:\/\/july.sk\/vseobecne-obchodne-podmienky\/#breadcrumb"},"inLanguage":"en-US","potentialAction":[{"@type":"ReadAction","target":["https:\/\/july.sk\/vseobecne-obchodne-podmienky\/"]}]},{"@type":"BreadcrumbList","@id":"https:\/\/july.sk\/vseobecne-obchodne-podmienky\/#breadcrumb","itemListElement":[{"@type":"ListItem","position":1,"name":"Dom\u00e1ca str\u00e1nka","item":"https:\/\/july.sk\/en\/"},{"@type":"ListItem","position":2,"name":"V\u0161eobecn\u00e9 obchodn\u00e9 podmienky"}]},{"@type":"WebSite","@id":"https:\/\/july.sk\/en\/#website","url":"https:\/\/july.sk\/en\/","name":"july languages","description":"Jazykov\u00e9 kurzy pre firmy","potentialAction":[{"@type":"SearchAction","target":{"@type":"EntryPoint","urlTemplate":"https:\/\/july.sk\/en\/?s={search_term_string}"},"query-input":"required name=search_term_string"}],"inLanguage":"en-US"}]}},"_links":{"self":[{"href":"https:\/\/july.sk\/en\/wp-json\/wp\/v2\/pages\/1107"}],"collection":[{"href":"https:\/\/july.sk\/en\/wp-json\/wp\/v2\/pages"}],"about":[{"href":"https:\/\/july.sk\/en\/wp-json\/wp\/v2\/types\/page"}],"author":[{"embeddable":true,"href":"https:\/\/july.sk\/en\/wp-json\/wp\/v2\/users\/1"}],"replies":[{"embeddable":true,"href":"https:\/\/july.sk\/en\/wp-json\/wp\/v2\/comments?post=1107"}],"version-history":[{"count":9,"href":"https:\/\/july.sk\/en\/wp-json\/wp\/v2\/pages\/1107\/revisions"}],"predecessor-version":[{"id":1226,"href":"https:\/\/july.sk\/en\/wp-json\/wp\/v2\/pages\/1107\/revisions\/1226"}],"wp:attachment":[{"href":"https:\/\/july.sk\/en\/wp-json\/wp\/v2\/media?parent=1107"}],"curies":[{"name":"wp","href":"https:\/\/api.w.org\/{rel}","templated":true}]}}